{"id":2,"date":"2020-01-10T14:43:39","date_gmt":"2020-01-10T14:43:39","guid":{"rendered":"https:\/\/themes.muffingroup.com\/be\/foodtruck\/?page_id=2"},"modified":"2025-05-06T16:39:25","modified_gmt":"2025-05-06T16:39:25","slug":"sample-page","status":"publish","type":"page","link":"http:\/\/keyiftealacati.com.tr\/en\/","title":{"rendered":"Home"},"content":{"rendered":"<div data-elementor-type=\"wp-page\" data-elementor-id=\"2\" class=\"elementor elementor-2\">\n\t\t\t\t<div class=\"elementor-element elementor-element-4a3b100 e-con-full e-flex e-con e-parent\" data-id=\"4a3b100\" data-element_type=\"container\">\n\t\t<div class=\"elementor-element elementor-element-1d44afb e-con-full elementor-hidden-mobile e-flex e-con e-child\" data-id=\"1d44afb\" data-element_type=\"container\" data-settings=\"{&quot;background_background&quot;:&quot;video&quot;,&quot;background_video_link&quot;:&quot;https:\\\/\\\/keyiftealacati.com.tr\\\/wp-content\\\/uploads\\\/2025\\\/05\\\/video1.mp4&quot;}\">\n\t\t<div class=\"elementor-background-video-container elementor-hidden-mobile\" aria-hidden=\"true\">\n\t\t\t\t\t\t\t<video class=\"elementor-background-video-hosted\" autoplay muted playsinline loop><\/video>\n\t\t\t\t\t<\/div>\t\t<\/div>\n\t\t<div class=\"elementor-element elementor-element-3c8949a e-con-full e-flex e-con e-child\" data-id=\"3c8949a\" data-element_type=\"container\" data-settings=\"{&quot;background_background&quot;:&quot;video&quot;,&quot;background_video_link&quot;:&quot;https:\\\/\\\/keyiftealacati.com.tr\\\/wp-content\\\/uploads\\\/2025\\\/05\\\/video2.mp4&quot;,&quot;background_play_on_mobile&quot;:&quot;yes&quot;}\">\n\t\t<div class=\"elementor-background-video-container\" aria-hidden=\"true\">\n\t\t\t\t\t\t\t<video class=\"elementor-background-video-hosted\" autoplay muted playsinline loop><\/video>\n\t\t\t\t\t<\/div>\t\t<\/div>\n\t\t<div class=\"elementor-element elementor-element-17a0a35 e-con-full elementor-hidden-mobile e-flex e-con e-child\" data-id=\"17a0a35\" data-element_type=\"container\" data-settings=\"{&quot;background_background&quot;:&quot;video&quot;,&quot;background_video_link&quot;:&quot;https:\\\/\\\/keyiftealacati.com.tr\\\/wp-content\\\/uploads\\\/2025\\\/05\\\/video3.mp4&quot;}\">\n\t\t<div class=\"elementor-background-video-container elementor-hidden-mobile\" aria-hidden=\"true\">\n\t\t\t\t\t\t\t<video class=\"elementor-background-video-hosted\" autoplay muted playsinline loop><\/video>\n\t\t\t\t\t<\/div>\t\t<\/div>\n\t\t\t\t<\/div>\n\t\t\t\t<section class=\"elementor-section elementor-top-section elementor-element elementor-element-6ae6651 elementor-section-stretched elementor-section-boxed elementor-section-height-default elementor-section-height-default\" data-id=\"6ae6651\" data-element_type=\"section\" id=\"hakkimizda\" data-settings=\"{&quot;stretch_section&quot;:&quot;section-stretched&quot;}\">\n\t\t\t\t\t\t<div class=\"elementor-container elementor-column-gap-wider\">\n\t\t\t\t\t<div class=\"elementor-column elementor-col-100 elementor-top-column elementor-element elementor-element-9840675\" data-id=\"9840675\" data-element_type=\"column\">\n\t\t\t<div class=\"elementor-widget-wrap elementor-element-populated\">\n\t\t\t\t\t\t<section class=\"elementor-section elementor-inner-section elementor-element elementor-element-17765fc elementor-section-boxed elementor-section-height-default elementor-section-height-default\" data-id=\"17765fc\" data-element_type=\"section\">\n\t\t\t\t\t\t<div class=\"elementor-container elementor-column-gap-default\">\n\t\t\t\t\t<div class=\"elementor-column elementor-col-100 elementor-inner-column elementor-element elementor-element-a2f8e89\" data-id=\"a2f8e89\" data-element_type=\"column\">\n\t\t\t<div class=\"elementor-widget-wrap elementor-element-populated\">\n\t\t\t\t\t\t<div class=\"elementor-element elementor-element-be78489 elementor-widget-mobile__width-initial elementor-widget__width-initial elementor-widget elementor-widget-text-editor\" data-id=\"be78489\" data-element_type=\"widget\" data-widget_type=\"text-editor.default\">\n\t\t\t\t<div class=\"elementor-widget-container\">\n\t\t\t\t\t\t\t\t\t<h2 class=\"themecolor\">ABOUT US<\/h2>\t\t\t\t\t\t\t\t<\/div>\n\t\t\t\t<\/div>\n\t\t\t\t<div class=\"elementor-element elementor-element-0c74f45 elementor-widget elementor-widget-text-editor\" data-id=\"0c74f45\" data-element_type=\"widget\" data-widget_type=\"text-editor.default\">\n\t\t\t\t<div class=\"elementor-widget-container\">\n\t\t\t\t\t\t\t\t\t<p>\"An unforgettable tavern experience in Ala\u00e7at\u0131 with an elegant evening and exquisite flavors\u2026<br \/>\"On tables adorned with white linens, the freshest Aegean mezes are served alongside gently raised glasses of rak\u0131, cheerful melodies playing in the background, and joyful conversations echoing between stone walls\u2026<br \/>\"At Keyifte Ala\u00e7at\u0131, it's not just a dinner \u2014 it's a tavern experience where memories gently steep, every bite tells a story, and every detail is thoughtfully crafted.<br \/>Here, time slows down, flavors deepen, and elegance accompanies the night.<\/p>\t\t\t\t\t\t\t\t<\/div>\n\t\t\t\t<\/div>\n\t\t\t\t\t<\/div>\n\t\t<\/div>\n\t\t\t\t\t<\/div>\n\t\t<\/section>\n\t\t\t\t\t<\/div>\n\t\t<\/div>\n\t\t\t\t\t<\/div>\n\t\t<\/section>\n\t\t<div class=\"elementor-element elementor-element-595aff8 e-con-full e-flex e-con e-parent\" data-id=\"595aff8\" data-element_type=\"container\">\n\t\t\t\t<div class=\"elementor-element elementor-element-0a3a22f elementor-arrows-position-inside elementor-widget elementor-widget-image-carousel\" data-id=\"0a3a22f\" data-element_type=\"widget\" id=\"galeri\" data-settings=\"{&quot;navigation&quot;:&quot;arrows&quot;,&quot;autoplay&quot;:&quot;yes&quot;,&quot;pause_on_hover&quot;:&quot;yes&quot;,&quot;pause_on_interaction&quot;:&quot;yes&quot;,&quot;autoplay_speed&quot;:5000,&quot;infinite&quot;:&quot;yes&quot;,&quot;speed&quot;:500}\" data-widget_type=\"image-carousel.default\">\n\t\t\t\t<div class=\"elementor-widget-container\">\n\t\t\t\t\t\t\t<div class=\"elementor-image-carousel-wrapper swiper\" role=\"region\" aria-roledescription=\"carousel\" aria-label=\"Image Carousel\" dir=\"ltr\" data-no-translation-aria-label=\"\">\n\t\t\t<div class=\"elementor-image-carousel swiper-wrapper\" aria-live=\"off\">\n\t\t\t\t\t\t\t\t<div class=\"swiper-slide\" role=\"group\" aria-roledescription=\"slide\" aria-label=\"1 of 14\" data-no-translation-aria-label=\"\"><figure class=\"swiper-slide-inner\"><img decoding=\"async\" class=\"swiper-slide-image\" src=\"http:\/\/keyiftealacati.com.tr\/wp-content\/uploads\/2025\/05\/DSC02105-864x1536.jpg\" alt=\"DSC02105\" \/><\/figure><\/div><div class=\"swiper-slide\" role=\"group\" aria-roledescription=\"slide\" aria-label=\"2 of 14\" data-no-translation-aria-label=\"\"><figure class=\"swiper-slide-inner\"><img decoding=\"async\" class=\"swiper-slide-image\" src=\"http:\/\/keyiftealacati.com.tr\/wp-content\/uploads\/2025\/05\/DSC02099-864x1536.jpg\" alt=\"DSC02099\" \/><\/figure><\/div><div class=\"swiper-slide\" role=\"group\" aria-roledescription=\"slide\" aria-label=\"3 of 14\" data-no-translation-aria-label=\"\"><figure class=\"swiper-slide-inner\"><img decoding=\"async\" class=\"swiper-slide-image\" src=\"http:\/\/keyiftealacati.com.tr\/wp-content\/uploads\/2025\/05\/DSC02018-864x1536.jpg\" alt=\"DSC02018\" \/><\/figure><\/div><div class=\"swiper-slide\" role=\"group\" aria-roledescription=\"slide\" aria-label=\"4 of 14\" data-no-translation-aria-label=\"\"><figure class=\"swiper-slide-inner\"><img decoding=\"async\" class=\"swiper-slide-image\" src=\"http:\/\/keyiftealacati.com.tr\/wp-content\/uploads\/2025\/05\/DSC02016-864x1536.jpg\" alt=\"DSC02016\" \/><\/figure><\/div><div class=\"swiper-slide\" role=\"group\" aria-roledescription=\"slide\" aria-label=\"5 of 14\" data-no-translation-aria-label=\"\"><figure class=\"swiper-slide-inner\"><img decoding=\"async\" class=\"swiper-slide-image\" src=\"http:\/\/keyiftealacati.com.tr\/wp-content\/uploads\/2025\/05\/DSC01987-864x1536.jpg\" alt=\"DSC01987\" \/><\/figure><\/div><div class=\"swiper-slide\" role=\"group\" aria-roledescription=\"slide\" aria-label=\"6 of 14\" data-no-translation-aria-label=\"\"><figure class=\"swiper-slide-inner\"><img decoding=\"async\" class=\"swiper-slide-image\" src=\"http:\/\/keyiftealacati.com.tr\/wp-content\/uploads\/2025\/05\/DSC01978-864x1536.jpg\" alt=\"DSC01978\" \/><\/figure><\/div><div class=\"swiper-slide\" role=\"group\" aria-roledescription=\"slide\" aria-label=\"7 of 14\" data-no-translation-aria-label=\"\"><figure class=\"swiper-slide-inner\"><img decoding=\"async\" class=\"swiper-slide-image\" src=\"http:\/\/keyiftealacati.com.tr\/wp-content\/uploads\/2025\/05\/DSC01966-864x1536.jpg\" alt=\"DSC01966\" \/><\/figure><\/div><div class=\"swiper-slide\" role=\"group\" aria-roledescription=\"slide\" aria-label=\"8 of 14\" data-no-translation-aria-label=\"\"><figure class=\"swiper-slide-inner\"><img decoding=\"async\" class=\"swiper-slide-image\" src=\"http:\/\/keyiftealacati.com.tr\/wp-content\/uploads\/2025\/05\/DSC01960-864x1536.jpg\" alt=\"DSC01960\" \/><\/figure><\/div><div class=\"swiper-slide\" role=\"group\" aria-roledescription=\"slide\" aria-label=\"9 of 14\" data-no-translation-aria-label=\"\"><figure class=\"swiper-slide-inner\"><img decoding=\"async\" class=\"swiper-slide-image\" src=\"http:\/\/keyiftealacati.com.tr\/wp-content\/uploads\/2025\/05\/DSC01902-864x1536.jpg\" alt=\"DSC01902\" \/><\/figure><\/div><div class=\"swiper-slide\" role=\"group\" aria-roledescription=\"slide\" aria-label=\"10 of 14\" data-no-translation-aria-label=\"\"><figure class=\"swiper-slide-inner\"><img decoding=\"async\" class=\"swiper-slide-image\" src=\"http:\/\/keyiftealacati.com.tr\/wp-content\/uploads\/2025\/05\/DSC01868-864x1536.jpg\" alt=\"DSC01868\" \/><\/figure><\/div><div class=\"swiper-slide\" role=\"group\" aria-roledescription=\"slide\" aria-label=\"11 of 14\" data-no-translation-aria-label=\"\"><figure class=\"swiper-slide-inner\"><img decoding=\"async\" class=\"swiper-slide-image\" src=\"http:\/\/keyiftealacati.com.tr\/wp-content\/uploads\/2025\/05\/DSC01860-864x1536.jpg\" alt=\"DSC01860\" \/><\/figure><\/div><div class=\"swiper-slide\" role=\"group\" aria-roledescription=\"slide\" aria-label=\"12 of 14\" data-no-translation-aria-label=\"\"><figure class=\"swiper-slide-inner\"><img decoding=\"async\" class=\"swiper-slide-image\" src=\"http:\/\/keyiftealacati.com.tr\/wp-content\/uploads\/2025\/05\/DSC01839-864x1536.jpg\" alt=\"DSC01839\" \/><\/figure><\/div><div class=\"swiper-slide\" role=\"group\" aria-roledescription=\"slide\" aria-label=\"13 of 14\" data-no-translation-aria-label=\"\"><figure class=\"swiper-slide-inner\"><img decoding=\"async\" class=\"swiper-slide-image\" src=\"http:\/\/keyiftealacati.com.tr\/wp-content\/uploads\/2025\/05\/DSC01822-864x1536.jpg\" alt=\"DSC01822\" \/><\/figure><\/div><div class=\"swiper-slide\" role=\"group\" aria-roledescription=\"slide\" aria-label=\"14 of 14\" data-no-translation-aria-label=\"\"><figure class=\"swiper-slide-inner\"><img decoding=\"async\" class=\"swiper-slide-image\" src=\"http:\/\/keyiftealacati.com.tr\/wp-content\/uploads\/2025\/05\/DSC01804-864x1536.jpg\" alt=\"DSC01804\" \/><\/figure><\/div>\t\t\t<\/div>\n\t\t\t\t\t\t\t\t\t\t\t\t<div class=\"elementor-swiper-button elementor-swiper-button-prev\" role=\"button\" tabindex=\"0\">\n\t\t\t\t\t\t<svg aria-hidden=\"true\" class=\"e-font-icon-svg e-eicon-chevron-left\" viewbox=\"0 0 1000 1000\" xmlns=\"http:\/\/www.w3.org\/2000\/svg\"><path d=\"M646 125C629 125 613 133 604 142L308 442C296 454 292 471 292 487 292 504 296 521 308 533L604 854C617 867 629 875 646 875 663 875 679 871 692 858 704 846 713 829 713 812 713 796 708 779 692 767L438 487 692 225C700 217 708 204 708 187 708 171 704 154 692 142 675 129 663 125 646 125Z\"><\/path><\/svg>\t\t\t\t\t<\/div>\n\t\t\t\t\t<div class=\"elementor-swiper-button elementor-swiper-button-next\" role=\"button\" tabindex=\"0\">\n\t\t\t\t\t\t<svg aria-hidden=\"true\" class=\"e-font-icon-svg e-eicon-chevron-right\" viewbox=\"0 0 1000 1000\" xmlns=\"http:\/\/www.w3.org\/2000\/svg\"><path d=\"M696 533C708 521 713 504 713 487 713 471 708 454 696 446L400 146C388 133 375 125 354 125 338 125 325 129 313 142 300 154 292 171 292 187 292 204 296 221 308 233L563 492 304 771C292 783 288 800 288 817 288 833 296 850 308 863 321 871 338 875 354 875 371 875 388 867 400 854L696 533Z\"><\/path><\/svg>\t\t\t\t\t<\/div>\n\t\t\t\t\n\t\t\t\t\t\t\t\t\t<\/div>\n\t\t\t\t\t\t<\/div>\n\t\t\t\t<\/div>\n\t\t\t\t<\/div>\n\t\t\t\t<section class=\"elementor-section elementor-top-section elementor-element elementor-element-c9fd1eb elementor-section-stretched elementor-section-full_width elementor-section-height-default elementor-section-height-default\" data-id=\"c9fd1eb\" data-element_type=\"section\" id=\"menu\" data-settings=\"{&quot;stretch_section&quot;:&quot;section-stretched&quot;,&quot;background_background&quot;:&quot;classic&quot;}\">\n\t\t\t\t\t\t<div class=\"elementor-container elementor-column-gap-wider\">\n\t\t\t\t\t<div class=\"elementor-column elementor-col-100 elementor-top-column elementor-element elementor-element-12ad0fc\" data-id=\"12ad0fc\" data-element_type=\"column\">\n\t\t\t<div class=\"elementor-widget-wrap elementor-element-populated\">\n\t\t\t\t\t\t<div class=\"elementor-element elementor-element-e00bea5 elementor-widget elementor-widget-heading\" data-id=\"e00bea5\" data-element_type=\"widget\" data-widget_type=\"heading.default\">\n\t\t\t\t<div class=\"elementor-widget-container\">\n\t\t\t\t\t<h3 class=\"elementor-heading-title elementor-size-default\">MENU<\/h3>\t\t\t\t<\/div>\n\t\t\t\t<\/div>\n\t\t\t\t<div class=\"elementor-element elementor-element-47364c4 elementor-hidden-mobile elementor-widget elementor-widget-image\" data-id=\"47364c4\" data-element_type=\"widget\" data-widget_type=\"image.default\">\n\t\t\t\t<div class=\"elementor-widget-container\">\n\t\t\t\t\t\t\t\t\t\t\t\t\t\t\t<img fetchpriority=\"high\" decoding=\"async\" width=\"1920\" height=\"512\" src=\"http:\/\/keyiftealacati.com.tr\/wp-content\/uploads\/2025\/05\/menu2.jpg\" class=\"attachment-full size-full wp-image-1099\" alt=\"\" srcset=\"http:\/\/keyiftealacati.com.tr\/wp-content\/uploads\/2025\/05\/menu2.jpg 1920w, http:\/\/keyiftealacati.com.tr\/wp-content\/uploads\/2025\/05\/menu2-500x133.jpg 500w, http:\/\/keyiftealacati.com.tr\/wp-content\/uploads\/2025\/05\/menu2-1200x320.jpg 1200w, http:\/\/keyiftealacati.com.tr\/wp-content\/uploads\/2025\/05\/menu2-300x80.jpg 300w, http:\/\/keyiftealacati.com.tr\/wp-content\/uploads\/2025\/05\/menu2-768x205.jpg 768w, http:\/\/keyiftealacati.com.tr\/wp-content\/uploads\/2025\/05\/menu2-1536x410.jpg 1536w, http:\/\/keyiftealacati.com.tr\/wp-content\/uploads\/2025\/05\/menu2-18x5.jpg 18w, http:\/\/keyiftealacati.com.tr\/wp-content\/uploads\/2025\/05\/menu2-150x40.jpg 150w, http:\/\/keyiftealacati.com.tr\/wp-content\/uploads\/2025\/05\/menu2-480x128.jpg 480w\" sizes=\"(max-width:767px) 480px, (max-width:1920px) 100vw, 1920px\" \/>\t\t\t\t\t\t\t\t\t\t\t\t\t\t\t<\/div>\n\t\t\t\t<\/div>\n\t\t\t\t<div class=\"elementor-element elementor-element-dff80e5 elementor-hidden-desktop elementor-hidden-tablet elementor-widget elementor-widget-image\" data-id=\"dff80e5\" data-element_type=\"widget\" data-widget_type=\"image.default\">\n\t\t\t\t<div class=\"elementor-widget-container\">\n\t\t\t\t\t\t\t\t\t\t\t\t\t\t\t<img decoding=\"async\" width=\"1920\" height=\"1920\" src=\"http:\/\/keyiftealacati.com.tr\/wp-content\/uploads\/2025\/05\/menu_mobil3.jpg\" class=\"attachment-full size-full wp-image-1100\" alt=\"\" srcset=\"http:\/\/keyiftealacati.com.tr\/wp-content\/uploads\/2025\/05\/menu_mobil3.jpg 1920w, http:\/\/keyiftealacati.com.tr\/wp-content\/uploads\/2025\/05\/menu_mobil3-500x500.jpg 500w, http:\/\/keyiftealacati.com.tr\/wp-content\/uploads\/2025\/05\/menu_mobil3-1200x1200.jpg 1200w, http:\/\/keyiftealacati.com.tr\/wp-content\/uploads\/2025\/05\/menu_mobil3-300x300.jpg 300w, http:\/\/keyiftealacati.com.tr\/wp-content\/uploads\/2025\/05\/menu_mobil3-768x768.jpg 768w, http:\/\/keyiftealacati.com.tr\/wp-content\/uploads\/2025\/05\/menu_mobil3-1536x1536.jpg 1536w, http:\/\/keyiftealacati.com.tr\/wp-content\/uploads\/2025\/05\/menu_mobil3-12x12.jpg 12w, http:\/\/keyiftealacati.com.tr\/wp-content\/uploads\/2025\/05\/menu_mobil3-150x150.jpg 150w, http:\/\/keyiftealacati.com.tr\/wp-content\/uploads\/2025\/05\/menu_mobil3-75x75.jpg 75w, http:\/\/keyiftealacati.com.tr\/wp-content\/uploads\/2025\/05\/menu_mobil3-480x480.jpg 480w\" sizes=\"(max-width:767px) 480px, (max-width:1920px) 100vw, 1920px\" \/>\t\t\t\t\t\t\t\t\t\t\t\t\t\t\t<\/div>\n\t\t\t\t<\/div>\n\t\t\t\t\t<\/div>\n\t\t<\/div>\n\t\t\t\t\t<\/div>\n\t\t<\/section>\n\t\t<div class=\"elementor-element elementor-element-eac4684 e-con-full e-flex e-con e-parent\" data-id=\"eac4684\" data-element_type=\"container\" data-settings=\"{&quot;background_background&quot;:&quot;classic&quot;}\">\n\t\t\t\t<div class=\"elementor-element elementor-element-4bb80df elementor-widget elementor-widget-html\" data-id=\"4bb80df\" data-element_type=\"widget\" data-widget_type=\"html.default\">\n\t\t\t\t<div class=\"elementor-widget-container\">\n\t\t\t\t\t<iframe src=\"https:\/\/www.google.com\/maps\/embed?pb=!1m18!1m12!1m3!1d3131.762092976213!2d26.376796499999998!3d38.2850074!2m3!1f0!2f0!3f0!3m2!1i1024!2i768!4f13.1!3m3!1m2!1s0x14bb78e0a317a47b%3A0xb87c6fb53093ed4d!2sKeyifte%20Ala%C3%A7at%C4%B1%20Meyhane!5e0!3m2!1str!2str!4v1746529351740!5m2!1str!2str\" width=\"1920\" height=\"400\" style=\"border:0;\" allowfullscreen=\"\" loading=\"lazy\" referrerpolicy=\"no-referrer-when-downgrade\"><\/iframe>\r\n\t\t\t\t<\/div>\n\t\t\t\t<\/div>\n\t\t\t\t<\/div>\n\t\t\t\t<\/div>","protected":false},"excerpt":{"rendered":"<p>HAKKIMIZDA Zarif bir ak\u015fam ve \u00f6zel lezzetlerle Ala\u00e7at\u0131\u2019da unutulmaz bir meyhane deneyimi&#8230;Beyaz \u00f6rt\u00fclerle donat\u0131lm\u0131\u015f masalarda Ege\u2019nin en taze mezeleri, hafif\u00e7e y\u00fckselen rak\u0131 kadehleri, fonda \u00e7alan keyifli<span class=\"excerpt-hellip\"> [\u2026]<\/span><\/p>","protected":false},"author":1,"featured_media":0,"parent":0,"menu_order":0,"comment_status":"open","ping_status":"open","template":"","meta":{"_joinchat":[],"footnotes":""},"class_list":["post-2","page","type-page","status-publish","hentry"],"aioseo_notices":[],"_links":{"self":[{"href":"http:\/\/keyiftealacati.com.tr\/en\/wp-json\/wp\/v2\/pages\/2","targetHints":{"allow":["GET"]}}],"collection":[{"href":"http:\/\/keyiftealacati.com.tr\/en\/wp-json\/wp\/v2\/pages"}],"about":[{"href":"http:\/\/keyiftealacati.com.tr\/en\/wp-json\/wp\/v2\/types\/page"}],"author":[{"embeddable":true,"href":"http:\/\/keyiftealacati.com.tr\/en\/wp-json\/wp\/v2\/users\/1"}],"replies":[{"embeddable":true,"href":"http:\/\/keyiftealacati.com.tr\/en\/wp-json\/wp\/v2\/comments?post=2"}],"version-history":[{"count":758,"href":"http:\/\/keyiftealacati.com.tr\/en\/wp-json\/wp\/v2\/pages\/2\/revisions"}],"predecessor-version":[{"id":1105,"href":"http:\/\/keyiftealacati.com.tr\/en\/wp-json\/wp\/v2\/pages\/2\/revisions\/1105"}],"wp:attachment":[{"href":"http:\/\/keyiftealacati.com.tr\/en\/wp-json\/wp\/v2\/media?parent=2"}],"curies":[{"name":"wp","href":"https:\/\/api.w.org\/{rel}","templated":true}]}}